{"id":65,"date":"2024-11-29T10:47:59","date_gmt":"2024-11-29T10:47:59","guid":{"rendered":"https:\/\/nhfinancials.nl\/?page_id=65"},"modified":"2025-01-22T15:37:30","modified_gmt":"2025-01-22T15:37:30","slug":"over-mij","status":"publish","type":"page","link":"https:\/\/nhfinancials.nl\/index.php\/over-mij\/","title":{"rendered":"Over mij"},"content":{"rendered":"<p>[et_pb_section fb_built=&#8221;1&#8243; _builder_version=&#8221;4.27.4&#8243; _module_preset=&#8221;default&#8221; background_color=&#8221;#FFFFFF&#8221; background_last_edited=&#8221;off|desktop&#8221; global_colors_info=&#8221;{}&#8221;][et_pb_row column_structure=&#8221;2_3,1_3&#8243; _builder_version=&#8221;4.27.4&#8243; _module_preset=&#8221;default&#8221; min_height=&#8221;145.7px&#8221; global_colors_info=&#8221;{}&#8221;][et_pb_column type=&#8221;2_3&#8243; _builder_version=&#8221;4.27.4&#8243; _module_preset=&#8221;default&#8221; global_colors_info=&#8221;{}&#8221;][et_pb_text _builder_version=&#8221;4.27.4&#8243; _module_preset=&#8221;default&#8221; hover_enabled=&#8221;0&#8243; global_colors_info=&#8221;{}&#8221; sticky_enabled=&#8221;0&#8243;]<\/p>\n<h3><strong><span style=\"color: #ff6600;\">Betrouwbaar, ervaren en klantgericht: uw financi\u00eble partner.<\/span><\/strong><\/h3>\n<p>Met meer dan 25 jaar ervaring in de financieel-administratieve dienstverlening, ben ik d\u00e9 expert om u te ondersteunen bij uw financi\u00eble processen. Na ruim 17 jaar gewerkt te hebben bij een accountantskantoor in het MKB voor een breed scala aan klanten van klein tot groot en daarnaast ervaring te hebben opgedaan als controller in de bouwsector, weet ik hoe ik financi\u00eble uitdagingen moet aanpakken en resultaten moet leveren.<\/p>\n<p>Mijn karakter? Vrolijk en spontaan, maar altijd gefocust op de klant en de resultaten. &#8220;Deadline is deadline&#8221; is mijn motto, en ik zorg ervoor dat uw financi\u00eble zaken niet alleen op tijd, maar ook tot in de puntjes geregeld zijn. Klantgerichtheid en resultaatgerichtheid gaan bij mij hand in hand, zodat u zich kunt richten op uw kernactiviteiten terwijl ik de financi\u00eble details beheer.<\/p>\n<p><em>Samen bouwen we aan een stabiele en succesvolle toekomst!<\/em><\/p>\n<p>[\/et_pb_text][\/et_pb_column][et_pb_column type=&#8221;1_3&#8243; _builder_version=&#8221;4.27.4&#8243; _module_preset=&#8221;default&#8221; global_colors_info=&#8221;{}&#8221;][et_pb_gallery gallery_ids=&#8221;68&#8243; orientation=&#8221;portrait&#8221; show_title_and_caption=&#8221;off&#8221; _builder_version=&#8221;4.27.4&#8243; _module_preset=&#8221;default&#8221; global_colors_info=&#8221;{}&#8221;][\/et_pb_gallery][\/et_pb_column][\/et_pb_row][\/et_pb_section]<\/p>\n","protected":false},"excerpt":{"rendered":"<p>Betrouwbaar, ervaren en klantgericht: uw financi\u00eble partner. Met meer dan 25 jaar ervaring in de financieel-administratieve dienstverlening, ben ik d\u00e9 expert om u te ondersteunen bij uw financi\u00eble processen. Na ruim 17 jaar gewerkt te hebben bij een accountantskantoor in het MKB voor een breed scala aan klanten van klein tot groot en daarnaast ervaring [&hellip;]<\/p>\n","protected":false},"author":1,"featured_media":0,"parent":0,"menu_order":0,"comment_status":"closed","ping_status":"closed","template":"","meta":{"_et_pb_use_builder":"on","_et_pb_old_content":"","_et_gb_content_width":"","footnotes":""},"class_list":["post-65","page","type-page","status-publish","hentry"],"yoast_head":"<!-- This site is optimized with the Yoast SEO plugin v27.4 - https:\/\/yoast.com\/product\/yoast-seo-wordpress\/ -->\n<title>Over mij - NH Financials<\/title>\n<meta name=\"robots\" content=\"index, follow, max-snippet:-1, max-image-preview:large, max-video-preview:-1\" \/>\n<link rel=\"canonical\" href=\"https:\/\/nhfinancials.nl\/index.php\/over-mij\/\" \/>\n<meta property=\"og:locale\" content=\"nl_NL\" \/>\n<meta property=\"og:type\" content=\"article\" \/>\n<meta property=\"og:title\" content=\"Over mij - NH Financials\" \/>\n<meta property=\"og:description\" content=\"Betrouwbaar, ervaren en klantgericht: uw financi\u00eble partner. Met meer dan 25 jaar ervaring in de financieel-administratieve dienstverlening, ben ik d\u00e9 expert om u te ondersteunen bij uw financi\u00eble processen. Na ruim 17 jaar gewerkt te hebben bij een accountantskantoor in het MKB voor een breed scala aan klanten van klein tot groot en daarnaast ervaring [&hellip;]\" \/>\n<meta property=\"og:url\" content=\"https:\/\/nhfinancials.nl\/index.php\/over-mij\/\" \/>\n<meta property=\"og:site_name\" content=\"NH Financials\" \/>\n<meta property=\"article:modified_time\" content=\"2025-01-22T15:37:30+00:00\" \/>\n<meta name=\"twitter:card\" content=\"summary_large_image\" \/>\n<script type=\"application\/ld+json\" class=\"yoast-schema-graph\">{\"@context\":\"https:\\\/\\\/schema.org\",\"@graph\":[{\"@type\":\"WebPage\",\"@id\":\"https:\\\/\\\/nhfinancials.nl\\\/index.php\\\/over-mij\\\/\",\"url\":\"https:\\\/\\\/nhfinancials.nl\\\/index.php\\\/over-mij\\\/\",\"name\":\"Over mij - NH Financials\",\"isPartOf\":{\"@id\":\"https:\\\/\\\/nhfinancials.nl\\\/#website\"},\"datePublished\":\"2024-11-29T10:47:59+00:00\",\"dateModified\":\"2025-01-22T15:37:30+00:00\",\"breadcrumb\":{\"@id\":\"https:\\\/\\\/nhfinancials.nl\\\/index.php\\\/over-mij\\\/#breadcrumb\"},\"inLanguage\":\"nl-NL\",\"potentialAction\":[{\"@type\":\"ReadAction\",\"target\":[\"https:\\\/\\\/nhfinancials.nl\\\/index.php\\\/over-mij\\\/\"]}]},{\"@type\":\"BreadcrumbList\",\"@id\":\"https:\\\/\\\/nhfinancials.nl\\\/index.php\\\/over-mij\\\/#breadcrumb\",\"itemListElement\":[{\"@type\":\"ListItem\",\"position\":1,\"name\":\"Home\",\"item\":\"https:\\\/\\\/nhfinancials.nl\\\/\"},{\"@type\":\"ListItem\",\"position\":2,\"name\":\"Over mij\"}]},{\"@type\":\"WebSite\",\"@id\":\"https:\\\/\\\/nhfinancials.nl\\\/#website\",\"url\":\"https:\\\/\\\/nhfinancials.nl\\\/\",\"name\":\"NH Financials\",\"description\":\"\",\"potentialAction\":[{\"@type\":\"SearchAction\",\"target\":{\"@type\":\"EntryPoint\",\"urlTemplate\":\"https:\\\/\\\/nhfinancials.nl\\\/?s={search_term_string}\"},\"query-input\":{\"@type\":\"PropertyValueSpecification\",\"valueRequired\":true,\"valueName\":\"search_term_string\"}}],\"inLanguage\":\"nl-NL\"}]}<\/script>\n<!-- \/ Yoast SEO plugin. -->","yoast_head_json":{"title":"Over mij - NH Financials","robots":{"index":"index","follow":"follow","max-snippet":"max-snippet:-1","max-image-preview":"max-image-preview:large","max-video-preview":"max-video-preview:-1"},"canonical":"https:\/\/nhfinancials.nl\/index.php\/over-mij\/","og_locale":"nl_NL","og_type":"article","og_title":"Over mij - NH Financials","og_description":"Betrouwbaar, ervaren en klantgericht: uw financi\u00eble partner. Met meer dan 25 jaar ervaring in de financieel-administratieve dienstverlening, ben ik d\u00e9 expert om u te ondersteunen bij uw financi\u00eble processen. Na ruim 17 jaar gewerkt te hebben bij een accountantskantoor in het MKB voor een breed scala aan klanten van klein tot groot en daarnaast ervaring [&hellip;]","og_url":"https:\/\/nhfinancials.nl\/index.php\/over-mij\/","og_site_name":"NH Financials","article_modified_time":"2025-01-22T15:37:30+00:00","twitter_card":"summary_large_image","schema":{"@context":"https:\/\/schema.org","@graph":[{"@type":"WebPage","@id":"https:\/\/nhfinancials.nl\/index.php\/over-mij\/","url":"https:\/\/nhfinancials.nl\/index.php\/over-mij\/","name":"Over mij - NH Financials","isPartOf":{"@id":"https:\/\/nhfinancials.nl\/#website"},"datePublished":"2024-11-29T10:47:59+00:00","dateModified":"2025-01-22T15:37:30+00:00","breadcrumb":{"@id":"https:\/\/nhfinancials.nl\/index.php\/over-mij\/#breadcrumb"},"inLanguage":"nl-NL","potentialAction":[{"@type":"ReadAction","target":["https:\/\/nhfinancials.nl\/index.php\/over-mij\/"]}]},{"@type":"BreadcrumbList","@id":"https:\/\/nhfinancials.nl\/index.php\/over-mij\/#breadcrumb","itemListElement":[{"@type":"ListItem","position":1,"name":"Home","item":"https:\/\/nhfinancials.nl\/"},{"@type":"ListItem","position":2,"name":"Over mij"}]},{"@type":"WebSite","@id":"https:\/\/nhfinancials.nl\/#website","url":"https:\/\/nhfinancials.nl\/","name":"NH Financials","description":"","potentialAction":[{"@type":"SearchAction","target":{"@type":"EntryPoint","urlTemplate":"https:\/\/nhfinancials.nl\/?s={search_term_string}"},"query-input":{"@type":"PropertyValueSpecification","valueRequired":true,"valueName":"search_term_string"}}],"inLanguage":"nl-NL"}]}},"_links":{"self":[{"href":"https:\/\/nhfinancials.nl\/index.php\/wp-json\/wp\/v2\/pages\/65","targetHints":{"allow":["GET"]}}],"collection":[{"href":"https:\/\/nhfinancials.nl\/index.php\/wp-json\/wp\/v2\/pages"}],"about":[{"href":"https:\/\/nhfinancials.nl\/index.php\/wp-json\/wp\/v2\/types\/page"}],"author":[{"embeddable":true,"href":"https:\/\/nhfinancials.nl\/index.php\/wp-json\/wp\/v2\/users\/1"}],"replies":[{"embeddable":true,"href":"https:\/\/nhfinancials.nl\/index.php\/wp-json\/wp\/v2\/comments?post=65"}],"version-history":[{"count":15,"href":"https:\/\/nhfinancials.nl\/index.php\/wp-json\/wp\/v2\/pages\/65\/revisions"}],"predecessor-version":[{"id":121,"href":"https:\/\/nhfinancials.nl\/index.php\/wp-json\/wp\/v2\/pages\/65\/revisions\/121"}],"wp:attachment":[{"href":"https:\/\/nhfinancials.nl\/index.php\/wp-json\/wp\/v2\/media?parent=65"}],"curies":[{"name":"wp","href":"https:\/\/api.w.org\/{rel}","templated":true}]}}